{"id":75,"date":"2019-08-26T21:55:46","date_gmt":"2019-08-26T19:55:46","guid":{"rendered":"https:\/\/www.schuetzenbruderschaft-iseringhausen.de\/wp\/?page_id=75"},"modified":"2026-01-03T11:22:04","modified_gmt":"2026-01-03T10:22:04","slug":"75-2","status":"publish","type":"page","link":"https:\/\/www.schuetzenbruderschaft-iseringhausen.de\/","title":{"rendered":"Start"},"content":{"rendered":"\n<h1 class=\"wp-block-heading\">Herzlich Willkommen auf der Internetseite der<br>St. Antonius Sch\u00fctzenbruderschaft Iseringhausen<\/h1>\n\n\n\n<div data-wp-interactive=\"core\/file\" class=\"wp-block-file\"><object data-wp-bind--hidden=\"!state.hasPdfPreview\" hidden class=\"wp-block-file__embed\" data=\"https:\/\/www.schuetzenbruderschaft-iseringhausen.de\/wp-content\/uploads\/2022\/06\/Antrag-auf-Mitgliedschaft.pdf\" type=\"application\/pdf\" style=\"width:100%;height:600px\" aria-label=\"Einbettung von Antrag-auf-Mitgliedschaft.\"><\/object><a id=\"wp-block-file--media-43d2149e-8ff8-44c9-be36-e6935c549f88\" href=\"https:\/\/www.schuetzenbruderschaft-iseringhausen.de\/wp-content\/uploads\/2022\/06\/Antrag-auf-Mitgliedschaft.pdf\">Antrag-auf-Mitgliedschaft<\/a><a href=\"https:\/\/www.schuetzenbruderschaft-iseringhausen.de\/wp-content\/uploads\/2022\/06\/Antrag-auf-Mitgliedschaft.pdf\" class=\"wp-block-file__button wp-element-button\" download aria-describedby=\"wp-block-file--media-43d2149e-8ff8-44c9-be36-e6935c549f88\">Herunterladen<\/a><\/div>\n\n\n\n<hr class=\"wp-block-separator has-alpha-channel-opacity\"\/>\n\n\n\n<figure class=\"wp-block-image size-full\"><img loading=\"lazy\" decoding=\"async\" width=\"627\" height=\"767\" src=\"https:\/\/www.schuetzenbruderschaft-iseringhausen.de\/wp-content\/uploads\/2026\/01\/Screenshot-2026-01-03-111844.png\" alt=\"\" class=\"wp-image-3748\" srcset=\"https:\/\/www.schuetzenbruderschaft-iseringhausen.de\/wp-content\/uploads\/2026\/01\/Screenshot-2026-01-03-111844.png 627w, https:\/\/www.schuetzenbruderschaft-iseringhausen.de\/wp-content\/uploads\/2026\/01\/Screenshot-2026-01-03-111844-490x600.png 490w\" sizes=\"auto, (max-width: 627px) 100vw, 627px\" \/><\/figure>\n\n\n\n<hr class=\"wp-block-separator has-alpha-channel-opacity\"\/>\n\n\n\n<p>Vielen Dank an unsere gro\u00dfz\u00fcgigen Unterst\u00fctzer:<\/p>\n\n\n\n<figure class=\"wp-block-image size-full is-resized\"><img loading=\"lazy\" decoding=\"async\" width=\"422\" height=\"119\" src=\"https:\/\/www.schuetzenbruderschaft-iseringhausen.de\/wp-content\/uploads\/2023\/06\/Untitled.png\" alt=\"\" class=\"wp-image-793\" style=\"width:688px;height:auto\"\/><\/figure>\n\n\n\n<figure class=\"wp-block-gallery has-nested-images columns-3 wp-block-gallery-1 is-layout-flex wp-block-gallery-is-layout-flex\">\n<figure class=\"wp-block-image size-full\"><a href=\"https:\/\/www.schuetzenbruderschaft-iseringhausen.de\/?attachment_id=788\"><img loading=\"lazy\" decoding=\"async\" width=\"720\" height=\"360\" data-id=\"788\" src=\"https:\/\/www.schuetzenbruderschaft-iseringhausen.de\/wp-content\/uploads\/2023\/06\/19410-90263-a-996.webp\" alt=\"\" class=\"wp-image-788\" srcset=\"https:\/\/www.schuetzenbruderschaft-iseringhausen.de\/wp-content\/uploads\/2023\/06\/19410-90263-a-996.webp 720w, https:\/\/www.schuetzenbruderschaft-iseringhausen.de\/wp-content\/uploads\/2023\/06\/19410-90263-a-996-600x300.webp 600w\" sizes=\"auto, (max-width: 720px) 100vw, 720px\" \/><\/a><\/figure>\n\n\n\n<figure class=\"wp-block-image size-full\"><a href=\"https:\/\/www.schuetzenbruderschaft-iseringhausen.de\/?attachment_id=791\"><img loading=\"lazy\" decoding=\"async\" width=\"432\" height=\"116\" data-id=\"791\" src=\"https:\/\/www.schuetzenbruderschaft-iseringhausen.de\/wp-content\/uploads\/2023\/06\/Untitled3.png\" alt=\"\" class=\"wp-image-791\"\/><\/a><\/figure>\n\n\n\n<figure class=\"wp-block-image size-full\"><a href=\"https:\/\/www.schuetzenbruderschaft-iseringhausen.de\/?attachment_id=804\"><img loading=\"lazy\" decoding=\"async\" width=\"540\" height=\"240\" data-id=\"804\" src=\"https:\/\/www.schuetzenbruderschaft-iseringhausen.de\/wp-content\/uploads\/2023\/07\/Beck_Tiefbau_In-Text.jpg\" alt=\"\" class=\"wp-image-804\"\/><\/a><\/figure>\n\n\n\n<figure class=\"wp-block-image size-full\"><a href=\"https:\/\/www.schuetzenbruderschaft-iseringhausen.de\/?attachment_id=797\"><img loading=\"lazy\" decoding=\"async\" width=\"369\" height=\"136\" data-id=\"797\" src=\"https:\/\/www.schuetzenbruderschaft-iseringhausen.de\/wp-content\/uploads\/2023\/06\/Untitled22.jpg\" alt=\"\" class=\"wp-image-797\"\/><\/a><\/figure>\n\n\n\n<figure class=\"wp-block-image size-full\"><a href=\"https:\/\/www.schuetzenbruderschaft-iseringhausen.de\/?attachment_id=789\"><img loading=\"lazy\" decoding=\"async\" width=\"523\" height=\"96\" data-id=\"789\" src=\"https:\/\/www.schuetzenbruderschaft-iseringhausen.de\/wp-content\/uploads\/2023\/06\/Untitled5.png\" alt=\"\" class=\"wp-image-789\"\/><\/a><\/figure>\n\n\n\n<figure class=\"wp-block-image size-full\"><a href=\"https:\/\/www.schuetzenbruderschaft-iseringhausen.de\/?attachment_id=810\"><img loading=\"lazy\" decoding=\"async\" width=\"300\" height=\"88\" data-id=\"810\" src=\"https:\/\/www.schuetzenbruderschaft-iseringhausen.de\/wp-content\/uploads\/2023\/07\/cropped-Logo_Reuber-1.png\" alt=\"\" class=\"wp-image-810\"\/><\/a><\/figure>\n\n\n\n<figure class=\"wp-block-image size-full\"><a href=\"https:\/\/www.schuetzenbruderschaft-iseringhausen.de\/?attachment_id=785\"><img loading=\"lazy\" decoding=\"async\" width=\"265\" height=\"108\" data-id=\"785\" src=\"https:\/\/www.schuetzenbruderschaft-iseringhausen.de\/wp-content\/uploads\/2023\/06\/logo.png\" alt=\"\" class=\"wp-image-785\"\/><\/a><\/figure>\n\n\n\n<figure class=\"wp-block-image size-full\"><a href=\"https:\/\/www.schuetzenbruderschaft-iseringhausen.de\/?attachment_id=792\"><img loading=\"lazy\" decoding=\"async\" width=\"242\" height=\"208\" data-id=\"792\" src=\"https:\/\/www.schuetzenbruderschaft-iseringhausen.de\/wp-content\/uploads\/2023\/06\/Untitled4.png\" alt=\"\" class=\"wp-image-792\"\/><\/a><\/figure>\n\n\n\n<figure class=\"wp-block-image size-full\"><a href=\"https:\/\/www.schuetzenbruderschaft-iseringhausen.de\/?attachment_id=808\"><img loading=\"lazy\" decoding=\"async\" width=\"550\" height=\"688\" data-id=\"808\" src=\"https:\/\/www.schuetzenbruderschaft-iseringhausen.de\/wp-content\/uploads\/2023\/07\/Screenshot-2023-07-05-09.04.21.png\" alt=\"\" class=\"wp-image-808\" srcset=\"https:\/\/www.schuetzenbruderschaft-iseringhausen.de\/wp-content\/uploads\/2023\/07\/Screenshot-2023-07-05-09.04.21.png 550w, https:\/\/www.schuetzenbruderschaft-iseringhausen.de\/wp-content\/uploads\/2023\/07\/Screenshot-2023-07-05-09.04.21-480x600.png 480w\" sizes=\"auto, (max-width: 550px) 100vw, 550px\" \/><\/a><\/figure>\n\n\n\n<figure class=\"wp-block-image size-full\"><a href=\"https:\/\/www.schuetzenbruderschaft-iseringhausen.de\/?attachment_id=818\"><img loading=\"lazy\" decoding=\"async\" width=\"462\" height=\"308\" data-id=\"818\" src=\"https:\/\/www.schuetzenbruderschaft-iseringhausen.de\/wp-content\/uploads\/2023\/07\/reese-getraenke-logo.png\" alt=\"\" class=\"wp-image-818\"\/><\/a><\/figure>\n\n\n\n<figure class=\"wp-block-image size-full\"><a href=\"https:\/\/www.schuetzenbruderschaft-iseringhausen.de\/?attachment_id=822\"><img loading=\"lazy\" decoding=\"async\" width=\"859\" height=\"383\" data-id=\"822\" src=\"https:\/\/www.schuetzenbruderschaft-iseringhausen.de\/wp-content\/uploads\/2023\/07\/Screenshot-2023-07-06-09.55.01.png\" alt=\"\" class=\"wp-image-822\" srcset=\"https:\/\/www.schuetzenbruderschaft-iseringhausen.de\/wp-content\/uploads\/2023\/07\/Screenshot-2023-07-06-09.55.01.png 859w, https:\/\/www.schuetzenbruderschaft-iseringhausen.de\/wp-content\/uploads\/2023\/07\/Screenshot-2023-07-06-09.55.01-600x268.png 600w, https:\/\/www.schuetzenbruderschaft-iseringhausen.de\/wp-content\/uploads\/2023\/07\/Screenshot-2023-07-06-09.55.01-768x342.png 768w\" sizes=\"auto, (max-width: 706px) 89vw, (max-width: 767px) 82vw, 740px\" \/><\/a><\/figure>\n\n\n\n<figure class=\"wp-block-image size-full\"><img loading=\"lazy\" decoding=\"async\" width=\"352\" height=\"186\" data-id=\"3747\" src=\"https:\/\/www.schuetzenbruderschaft-iseringhausen.de\/wp-content\/uploads\/2026\/01\/Screenshot-2026-01-03-111957.png\" alt=\"\" class=\"wp-image-3747\"\/><\/figure>\n\n\n\n<figure class=\"wp-block-image size-full\"><a href=\"https:\/\/www.schuetzenbruderschaft-iseringhausen.de\/?attachment_id=847\"><img loading=\"lazy\" decoding=\"async\" width=\"255\" height=\"291\" data-id=\"847\" src=\"https:\/\/www.schuetzenbruderschaft-iseringhausen.de\/wp-content\/uploads\/2023\/07\/csm_montage-berg-logo-md_ade9a648cc.jpg.jpg\" alt=\"\" class=\"wp-image-847\"\/><\/a><\/figure>\n\n\n\n<figure class=\"wp-block-image size-full\"><a href=\"https:\/\/www.schuetzenbruderschaft-iseringhausen.de\/?attachment_id=829\"><img loading=\"lazy\" decoding=\"async\" width=\"225\" height=\"225\" data-id=\"829\" src=\"https:\/\/www.schuetzenbruderschaft-iseringhausen.de\/wp-content\/uploads\/2023\/07\/Untitled.jpg\" alt=\"\" class=\"wp-image-829\" srcset=\"https:\/\/www.schuetzenbruderschaft-iseringhausen.de\/wp-content\/uploads\/2023\/07\/Untitled.jpg 225w, https:\/\/www.schuetzenbruderschaft-iseringhausen.de\/wp-content\/uploads\/2023\/07\/Untitled-100x100.jpg 100w\" sizes=\"auto, (max-width: 225px) 100vw, 225px\" \/><\/a><\/figure>\n\n\n\n<figure class=\"wp-block-image size-full\"><a href=\"https:\/\/www.schuetzenbruderschaft-iseringhausen.de\/?attachment_id=826\"><img loading=\"lazy\" decoding=\"async\" width=\"179\" height=\"104\" data-id=\"826\" src=\"https:\/\/www.schuetzenbruderschaft-iseringhausen.de\/wp-content\/uploads\/2023\/07\/logobb.jpg\" alt=\"\" class=\"wp-image-826\"\/><\/a><\/figure>\n\n\n\n<figure class=\"wp-block-image size-full\"><a href=\"https:\/\/www.schuetzenbruderschaft-iseringhausen.de\/?attachment_id=845\"><img loading=\"lazy\" decoding=\"async\" width=\"953\" height=\"715\" data-id=\"845\" src=\"https:\/\/www.schuetzenbruderschaft-iseringhausen.de\/wp-content\/uploads\/2023\/07\/Screenshot-2023-07-11-09.37.19-1.png\" alt=\"\" class=\"wp-image-845\" srcset=\"https:\/\/www.schuetzenbruderschaft-iseringhausen.de\/wp-content\/uploads\/2023\/07\/Screenshot-2023-07-11-09.37.19-1.png 953w, https:\/\/www.schuetzenbruderschaft-iseringhausen.de\/wp-content\/uploads\/2023\/07\/Screenshot-2023-07-11-09.37.19-1-600x450.png 600w, https:\/\/www.schuetzenbruderschaft-iseringhausen.de\/wp-content\/uploads\/2023\/07\/Screenshot-2023-07-11-09.37.19-1-768x576.png 768w\" sizes=\"auto, (max-width: 706px) 89vw, (max-width: 767px) 82vw, 740px\" \/><\/a><\/figure>\n\n\n\n<figure class=\"wp-block-image size-full\"><a href=\"https:\/\/www.schuetzenbruderschaft-iseringhausen.de\/?attachment_id=832\"><img loading=\"lazy\" decoding=\"async\" width=\"2560\" height=\"1396\" data-id=\"832\" src=\"https:\/\/www.schuetzenbruderschaft-iseringhausen.de\/wp-content\/uploads\/2023\/07\/Brueser-Logo-scaled.jpg\" alt=\"\" class=\"wp-image-832\" srcset=\"https:\/\/www.schuetzenbruderschaft-iseringhausen.de\/wp-content\/uploads\/2023\/07\/Brueser-Logo-scaled.jpg 2560w, https:\/\/www.schuetzenbruderschaft-iseringhausen.de\/wp-content\/uploads\/2023\/07\/Brueser-Logo-600x327.jpg 600w, https:\/\/www.schuetzenbruderschaft-iseringhausen.de\/wp-content\/uploads\/2023\/07\/Brueser-Logo-2048x1117.jpg 2048w, https:\/\/www.schuetzenbruderschaft-iseringhausen.de\/wp-content\/uploads\/2023\/07\/Brueser-Logo-768x419.jpg 768w, https:\/\/www.schuetzenbruderschaft-iseringhausen.de\/wp-content\/uploads\/2023\/07\/Brueser-Logo-1536x838.jpg 1536w\" sizes=\"auto, (max-width: 706px) 89vw, (max-width: 767px) 82vw, 740px\" \/><\/a><\/figure>\n\n\n\n<figure class=\"wp-block-image size-full\"><a href=\"https:\/\/www.schuetzenbruderschaft-iseringhausen.de\/?attachment_id=836\"><img loading=\"lazy\" decoding=\"async\" width=\"1182\" height=\"826\" data-id=\"836\" src=\"https:\/\/www.schuetzenbruderschaft-iseringhausen.de\/wp-content\/uploads\/2023\/07\/Anzeige-Schuetzenfest.jpg\" alt=\"\" class=\"wp-image-836\" srcset=\"https:\/\/www.schuetzenbruderschaft-iseringhausen.de\/wp-content\/uploads\/2023\/07\/Anzeige-Schuetzenfest.jpg 1182w, https:\/\/www.schuetzenbruderschaft-iseringhausen.de\/wp-content\/uploads\/2023\/07\/Anzeige-Schuetzenfest-600x419.jpg 600w, https:\/\/www.schuetzenbruderschaft-iseringhausen.de\/wp-content\/uploads\/2023\/07\/Anzeige-Schuetzenfest-768x537.jpg 768w\" sizes=\"auto, (max-width: 706px) 89vw, (max-width: 767px) 82vw, 740px\" \/><\/a><\/figure>\n\n\n\n<figure class=\"wp-block-image size-full\"><a href=\"https:\/\/www.schuetzenbruderschaft-iseringhausen.de\/?attachment_id=842\"><img loading=\"lazy\" decoding=\"async\" width=\"832\" height=\"486\" data-id=\"842\" src=\"https:\/\/www.schuetzenbruderschaft-iseringhausen.de\/wp-content\/uploads\/2023\/07\/Screenshot-2023-07-11-09.25.36.png\" alt=\"\" class=\"wp-image-842\" srcset=\"https:\/\/www.schuetzenbruderschaft-iseringhausen.de\/wp-content\/uploads\/2023\/07\/Screenshot-2023-07-11-09.25.36.png 832w, https:\/\/www.schuetzenbruderschaft-iseringhausen.de\/wp-content\/uploads\/2023\/07\/Screenshot-2023-07-11-09.25.36-600x350.png 600w, https:\/\/www.schuetzenbruderschaft-iseringhausen.de\/wp-content\/uploads\/2023\/07\/Screenshot-2023-07-11-09.25.36-768x449.png 768w\" sizes=\"auto, (max-width: 706px) 89vw, (max-width: 767px) 82vw, 740px\" \/><\/a><\/figure>\n<\/figure>\n\n\n\n<figure class=\"wp-block-image size-full is-resized\"><img loading=\"lazy\" decoding=\"async\" width=\"318\" height=\"159\" src=\"https:\/\/www.schuetzenbruderschaft-iseringhausen.de\/wp-content\/uploads\/2023\/06\/Untitled2.png\" alt=\"\" class=\"wp-image-794\" style=\"width:612px;height:auto\"\/><\/figure>\n","protected":false},"excerpt":{"rendered":"<p>Herzlich Willkommen auf der Internetseite derSt. Antonius Sch\u00fctzenbruderschaft Iseringhausen Vielen Dank an unsere gro\u00dfz\u00fcgigen Unterst\u00fctzer:<\/p>\n","protected":false},"author":1,"featured_media":0,"parent":0,"menu_order":0,"comment_status":"closed","ping_status":"closed","template":"","meta":{"footnotes":""},"class_list":["post-75","page","type-page","status-publish","hentry"],"_links":{"self":[{"href":"https:\/\/www.schuetzenbruderschaft-iseringhausen.de\/index.php?rest_route=\/wp\/v2\/pages\/75","targetHints":{"allow":["GET"]}}],"collection":[{"href":"https:\/\/www.schuetzenbruderschaft-iseringhausen.de\/index.php?rest_route=\/wp\/v2\/pages"}],"about":[{"href":"https:\/\/www.schuetzenbruderschaft-iseringhausen.de\/index.php?rest_route=\/wp\/v2\/types\/page"}],"author":[{"embeddable":true,"href":"https:\/\/www.schuetzenbruderschaft-iseringhausen.de\/index.php?rest_route=\/wp\/v2\/users\/1"}],"replies":[{"embeddable":true,"href":"https:\/\/www.schuetzenbruderschaft-iseringhausen.de\/index.php?rest_route=%2Fwp%2Fv2%2Fcomments&post=75"}],"version-history":[{"count":56,"href":"https:\/\/www.schuetzenbruderschaft-iseringhausen.de\/index.php?rest_route=\/wp\/v2\/pages\/75\/revisions"}],"predecessor-version":[{"id":3749,"href":"https:\/\/www.schuetzenbruderschaft-iseringhausen.de\/index.php?rest_route=\/wp\/v2\/pages\/75\/revisions\/3749"}],"wp:attachment":[{"href":"https:\/\/www.schuetzenbruderschaft-iseringhausen.de\/index.php?rest_route=%2Fwp%2Fv2%2Fmedia&parent=75"}],"curies":[{"name":"wp","href":"https:\/\/api.w.org\/{rel}","templated":true}]}}