{"id":289,"date":"2020-07-08T18:12:03","date_gmt":"2020-07-08T16:12:03","guid":{"rendered":"https:\/\/www.schuetzenbruderschaft-iseringhausen.de\/wp\/?page_id=289"},"modified":"2023-07-12T11:15:06","modified_gmt":"2023-07-12T09:15:06","slug":"schuetzenjahr","status":"publish","type":"page","link":"https:\/\/www.schuetzenbruderschaft-iseringhausen.de\/?page_id=289","title":{"rendered":"Sch\u00fctzenjahr"},"content":{"rendered":"\n<p>Besuch des 100-j\u00e4hrigen Jubil\u00e4ums der Wegeringhauser Sch\u00fctzen<\/p>\n\n\n\n<figure class=\"wp-block-gallery has-nested-images columns-default is-cropped wp-block-gallery-1 is-layout-flex wp-block-gallery-is-layout-flex\">\n<figure class=\"wp-block-image size-large\"><a href=\"https:\/\/www.schuetzenbruderschaft-iseringhausen.de\/?attachment_id=749\" target=\"_blank\" rel=\"noopener\"><img loading=\"lazy\" decoding=\"async\" width=\"924\" height=\"2000\" data-id=\"749\" src=\"https:\/\/www.schuetzenbruderschaft-iseringhausen.de\/wp-content\/uploads\/2023\/05\/Foto-22.05.23-08-10-42-2-1.jpg\" alt=\"\" class=\"wp-image-749\" srcset=\"https:\/\/www.schuetzenbruderschaft-iseringhausen.de\/wp-content\/uploads\/2023\/05\/Foto-22.05.23-08-10-42-2-1.jpg 924w, https:\/\/www.schuetzenbruderschaft-iseringhausen.de\/wp-content\/uploads\/2023\/05\/Foto-22.05.23-08-10-42-2-1-277x600.jpg 277w, https:\/\/www.schuetzenbruderschaft-iseringhausen.de\/wp-content\/uploads\/2023\/05\/Foto-22.05.23-08-10-42-2-1-768x1662.jpg 768w, https:\/\/www.schuetzenbruderschaft-iseringhausen.de\/wp-content\/uploads\/2023\/05\/Foto-22.05.23-08-10-42-2-1-710x1536.jpg 710w\" sizes=\"auto, (max-width: 706px) 89vw, (max-width: 767px) 82vw, 740px\" \/><\/a><\/figure>\n\n\n\n<figure class=\"wp-block-image size-large\"><a href=\"https:\/\/www.schuetzenbruderschaft-iseringhausen.de\/?attachment_id=734\" target=\"_blank\" rel=\"noopener\"><img loading=\"lazy\" decoding=\"async\" width=\"924\" height=\"2000\" data-id=\"734\" src=\"https:\/\/www.schuetzenbruderschaft-iseringhausen.de\/wp-content\/uploads\/2023\/05\/Foto-22.05.23-08-10-39-1.jpg\" alt=\"\" class=\"wp-image-734\" srcset=\"https:\/\/www.schuetzenbruderschaft-iseringhausen.de\/wp-content\/uploads\/2023\/05\/Foto-22.05.23-08-10-39-1.jpg 924w, https:\/\/www.schuetzenbruderschaft-iseringhausen.de\/wp-content\/uploads\/2023\/05\/Foto-22.05.23-08-10-39-1-277x600.jpg 277w, https:\/\/www.schuetzenbruderschaft-iseringhausen.de\/wp-content\/uploads\/2023\/05\/Foto-22.05.23-08-10-39-1-768x1662.jpg 768w, https:\/\/www.schuetzenbruderschaft-iseringhausen.de\/wp-content\/uploads\/2023\/05\/Foto-22.05.23-08-10-39-1-710x1536.jpg 710w\" sizes=\"auto, (max-width: 706px) 89vw, (max-width: 767px) 82vw, 740px\" \/><\/a><\/figure>\n\n\n\n<figure class=\"wp-block-image size-large\"><a href=\"https:\/\/www.schuetzenbruderschaft-iseringhausen.de\/?attachment_id=748\" target=\"_blank\" rel=\"noopener\"><img loading=\"lazy\" decoding=\"async\" width=\"924\" height=\"2000\" data-id=\"748\" src=\"https:\/\/www.schuetzenbruderschaft-iseringhausen.de\/wp-content\/uploads\/2023\/05\/Foto-22.05.23-08-10-43.jpg\" alt=\"\" class=\"wp-image-748\" srcset=\"https:\/\/www.schuetzenbruderschaft-iseringhausen.de\/wp-content\/uploads\/2023\/05\/Foto-22.05.23-08-10-43.jpg 924w, https:\/\/www.schuetzenbruderschaft-iseringhausen.de\/wp-content\/uploads\/2023\/05\/Foto-22.05.23-08-10-43-277x600.jpg 277w, https:\/\/www.schuetzenbruderschaft-iseringhausen.de\/wp-content\/uploads\/2023\/05\/Foto-22.05.23-08-10-43-768x1662.jpg 768w, https:\/\/www.schuetzenbruderschaft-iseringhausen.de\/wp-content\/uploads\/2023\/05\/Foto-22.05.23-08-10-43-710x1536.jpg 710w\" sizes=\"auto, (max-width: 706px) 89vw, (max-width: 767px) 82vw, 740px\" \/><\/a><\/figure>\n\n\n\n<figure class=\"wp-block-image size-large\"><a href=\"https:\/\/www.schuetzenbruderschaft-iseringhausen.de\/?attachment_id=745\" target=\"_blank\" rel=\"noopener\"><img loading=\"lazy\" decoding=\"async\" width=\"2048\" height=\"1383\" data-id=\"745\" src=\"https:\/\/www.schuetzenbruderschaft-iseringhausen.de\/wp-content\/uploads\/2023\/05\/Foto-22.05.23-08-10-42-3.jpg\" alt=\"\" class=\"wp-image-745\" srcset=\"https:\/\/www.schuetzenbruderschaft-iseringhausen.de\/wp-content\/uploads\/2023\/05\/Foto-22.05.23-08-10-42-3.jpg 2048w, https:\/\/www.schuetzenbruderschaft-iseringhausen.de\/wp-content\/uploads\/2023\/05\/Foto-22.05.23-08-10-42-3-600x405.jpg 600w, https:\/\/www.schuetzenbruderschaft-iseringhausen.de\/wp-content\/uploads\/2023\/05\/Foto-22.05.23-08-10-42-3-768x519.jpg 768w, https:\/\/www.schuetzenbruderschaft-iseringhausen.de\/wp-content\/uploads\/2023\/05\/Foto-22.05.23-08-10-42-3-1536x1037.jpg 1536w\" sizes=\"auto, (max-width: 706px) 89vw, (max-width: 767px) 82vw, 740px\" \/><\/a><\/figure>\n\n\n\n<figure class=\"wp-block-image size-large\"><a href=\"https:\/\/www.schuetzenbruderschaft-iseringhausen.de\/?attachment_id=747\" target=\"_blank\" rel=\"noopener\"><img loading=\"lazy\" decoding=\"async\" width=\"924\" height=\"2000\" data-id=\"747\" src=\"https:\/\/www.schuetzenbruderschaft-iseringhausen.de\/wp-content\/uploads\/2023\/05\/Foto-22.05.23-08-10-43-1.jpg\" alt=\"\" class=\"wp-image-747\" srcset=\"https:\/\/www.schuetzenbruderschaft-iseringhausen.de\/wp-content\/uploads\/2023\/05\/Foto-22.05.23-08-10-43-1.jpg 924w, https:\/\/www.schuetzenbruderschaft-iseringhausen.de\/wp-content\/uploads\/2023\/05\/Foto-22.05.23-08-10-43-1-277x600.jpg 277w, https:\/\/www.schuetzenbruderschaft-iseringhausen.de\/wp-content\/uploads\/2023\/05\/Foto-22.05.23-08-10-43-1-768x1662.jpg 768w, https:\/\/www.schuetzenbruderschaft-iseringhausen.de\/wp-content\/uploads\/2023\/05\/Foto-22.05.23-08-10-43-1-710x1536.jpg 710w\" sizes=\"auto, (max-width: 706px) 89vw, (max-width: 767px) 82vw, 740px\" \/><\/a><\/figure>\n\n\n\n<figure class=\"wp-block-image size-large\"><a href=\"https:\/\/www.schuetzenbruderschaft-iseringhausen.de\/?attachment_id=746\" target=\"_blank\" rel=\"noopener\"><img loading=\"lazy\" decoding=\"async\" width=\"2000\" height=\"924\" data-id=\"746\" src=\"https:\/\/www.schuetzenbruderschaft-iseringhausen.de\/wp-content\/uploads\/2023\/05\/Foto-22.05.23-08-10-42.jpg\" alt=\"\" class=\"wp-image-746\" srcset=\"https:\/\/www.schuetzenbruderschaft-iseringhausen.de\/wp-content\/uploads\/2023\/05\/Foto-22.05.23-08-10-42.jpg 2000w, https:\/\/www.schuetzenbruderschaft-iseringhausen.de\/wp-content\/uploads\/2023\/05\/Foto-22.05.23-08-10-42-600x277.jpg 600w, https:\/\/www.schuetzenbruderschaft-iseringhausen.de\/wp-content\/uploads\/2023\/05\/Foto-22.05.23-08-10-42-768x355.jpg 768w, https:\/\/www.schuetzenbruderschaft-iseringhausen.de\/wp-content\/uploads\/2023\/05\/Foto-22.05.23-08-10-42-1536x710.jpg 1536w\" sizes=\"auto, (max-width: 706px) 89vw, (max-width: 767px) 82vw, 740px\" \/><\/a><\/figure>\n\n\n\n<figure class=\"wp-block-image size-large\"><a href=\"https:\/\/www.schuetzenbruderschaft-iseringhausen.de\/?attachment_id=744\" target=\"_blank\" rel=\"noopener\"><img loading=\"lazy\" decoding=\"async\" width=\"924\" height=\"2000\" data-id=\"744\" src=\"https:\/\/www.schuetzenbruderschaft-iseringhausen.de\/wp-content\/uploads\/2023\/05\/Foto-22.05.23-08-10-42-2.jpg\" alt=\"\" class=\"wp-image-744\" srcset=\"https:\/\/www.schuetzenbruderschaft-iseringhausen.de\/wp-content\/uploads\/2023\/05\/Foto-22.05.23-08-10-42-2.jpg 924w, https:\/\/www.schuetzenbruderschaft-iseringhausen.de\/wp-content\/uploads\/2023\/05\/Foto-22.05.23-08-10-42-2-277x600.jpg 277w, https:\/\/www.schuetzenbruderschaft-iseringhausen.de\/wp-content\/uploads\/2023\/05\/Foto-22.05.23-08-10-42-2-768x1662.jpg 768w, https:\/\/www.schuetzenbruderschaft-iseringhausen.de\/wp-content\/uploads\/2023\/05\/Foto-22.05.23-08-10-42-2-710x1536.jpg 710w\" sizes=\"auto, (max-width: 706px) 89vw, (max-width: 767px) 82vw, 740px\" \/><\/a><\/figure>\n\n\n\n<figure class=\"wp-block-image size-large\"><a href=\"https:\/\/www.schuetzenbruderschaft-iseringhausen.de\/?attachment_id=743\" target=\"_blank\" rel=\"noopener\"><img loading=\"lazy\" decoding=\"async\" width=\"924\" height=\"2000\" data-id=\"743\" src=\"https:\/\/www.schuetzenbruderschaft-iseringhausen.de\/wp-content\/uploads\/2023\/05\/Foto-22.05.23-08-10-41-3.jpg\" alt=\"\" class=\"wp-image-743\" srcset=\"https:\/\/www.schuetzenbruderschaft-iseringhausen.de\/wp-content\/uploads\/2023\/05\/Foto-22.05.23-08-10-41-3.jpg 924w, https:\/\/www.schuetzenbruderschaft-iseringhausen.de\/wp-content\/uploads\/2023\/05\/Foto-22.05.23-08-10-41-3-277x600.jpg 277w, https:\/\/www.schuetzenbruderschaft-iseringhausen.de\/wp-content\/uploads\/2023\/05\/Foto-22.05.23-08-10-41-3-768x1662.jpg 768w, https:\/\/www.schuetzenbruderschaft-iseringhausen.de\/wp-content\/uploads\/2023\/05\/Foto-22.05.23-08-10-41-3-710x1536.jpg 710w\" sizes=\"auto, (max-width: 706px) 89vw, (max-width: 767px) 82vw, 740px\" \/><\/a><\/figure>\n\n\n\n<figure class=\"wp-block-image size-large\"><a href=\"https:\/\/www.schuetzenbruderschaft-iseringhausen.de\/?attachment_id=742\" target=\"_blank\" rel=\"noopener\"><img loading=\"lazy\" decoding=\"async\" width=\"924\" height=\"2000\" data-id=\"742\" src=\"https:\/\/www.schuetzenbruderschaft-iseringhausen.de\/wp-content\/uploads\/2023\/05\/Foto-22.05.23-08-10-40.jpg\" alt=\"\" class=\"wp-image-742\" srcset=\"https:\/\/www.schuetzenbruderschaft-iseringhausen.de\/wp-content\/uploads\/2023\/05\/Foto-22.05.23-08-10-40.jpg 924w, https:\/\/www.schuetzenbruderschaft-iseringhausen.de\/wp-content\/uploads\/2023\/05\/Foto-22.05.23-08-10-40-277x600.jpg 277w, https:\/\/www.schuetzenbruderschaft-iseringhausen.de\/wp-content\/uploads\/2023\/05\/Foto-22.05.23-08-10-40-768x1662.jpg 768w, https:\/\/www.schuetzenbruderschaft-iseringhausen.de\/wp-content\/uploads\/2023\/05\/Foto-22.05.23-08-10-40-710x1536.jpg 710w\" sizes=\"auto, (max-width: 706px) 89vw, (max-width: 767px) 82vw, 740px\" \/><\/a><\/figure>\n\n\n\n<figure class=\"wp-block-image size-large\"><a href=\"https:\/\/www.schuetzenbruderschaft-iseringhausen.de\/?attachment_id=740\" target=\"_blank\" rel=\"noopener\"><img loading=\"lazy\" decoding=\"async\" width=\"2000\" height=\"924\" data-id=\"740\" src=\"https:\/\/www.schuetzenbruderschaft-iseringhausen.de\/wp-content\/uploads\/2023\/05\/Foto-22.05.23-08-10-41.jpg\" alt=\"\" class=\"wp-image-740\" srcset=\"https:\/\/www.schuetzenbruderschaft-iseringhausen.de\/wp-content\/uploads\/2023\/05\/Foto-22.05.23-08-10-41.jpg 2000w, https:\/\/www.schuetzenbruderschaft-iseringhausen.de\/wp-content\/uploads\/2023\/05\/Foto-22.05.23-08-10-41-600x277.jpg 600w, https:\/\/www.schuetzenbruderschaft-iseringhausen.de\/wp-content\/uploads\/2023\/05\/Foto-22.05.23-08-10-41-768x355.jpg 768w, https:\/\/www.schuetzenbruderschaft-iseringhausen.de\/wp-content\/uploads\/2023\/05\/Foto-22.05.23-08-10-41-1536x710.jpg 1536w\" sizes=\"auto, (max-width: 706px) 89vw, (max-width: 767px) 82vw, 740px\" \/><\/a><\/figure>\n\n\n\n<figure class=\"wp-block-image size-large\"><a href=\"https:\/\/www.schuetzenbruderschaft-iseringhausen.de\/?attachment_id=731\" target=\"_blank\" rel=\"noopener\"><img loading=\"lazy\" decoding=\"async\" width=\"924\" height=\"2000\" data-id=\"731\" src=\"https:\/\/www.schuetzenbruderschaft-iseringhausen.de\/wp-content\/uploads\/2023\/05\/Foto-22.05.23-08-10-39.jpg\" alt=\"\" class=\"wp-image-731\" srcset=\"https:\/\/www.schuetzenbruderschaft-iseringhausen.de\/wp-content\/uploads\/2023\/05\/Foto-22.05.23-08-10-39.jpg 924w, https:\/\/www.schuetzenbruderschaft-iseringhausen.de\/wp-content\/uploads\/2023\/05\/Foto-22.05.23-08-10-39-277x600.jpg 277w, https:\/\/www.schuetzenbruderschaft-iseringhausen.de\/wp-content\/uploads\/2023\/05\/Foto-22.05.23-08-10-39-768x1662.jpg 768w, https:\/\/www.schuetzenbruderschaft-iseringhausen.de\/wp-content\/uploads\/2023\/05\/Foto-22.05.23-08-10-39-710x1536.jpg 710w\" sizes=\"auto, (max-width: 706px) 89vw, (max-width: 767px) 82vw, 740px\" \/><\/a><\/figure>\n\n\n\n<figure class=\"wp-block-image size-large\"><a href=\"https:\/\/www.schuetzenbruderschaft-iseringhausen.de\/?attachment_id=732\" target=\"_blank\" rel=\"noopener\"><img loading=\"lazy\" decoding=\"async\" width=\"924\" height=\"2000\" data-id=\"732\" src=\"https:\/\/www.schuetzenbruderschaft-iseringhausen.de\/wp-content\/uploads\/2023\/05\/Foto-22.05.23-08-10-40-1.jpg\" alt=\"\" class=\"wp-image-732\" srcset=\"https:\/\/www.schuetzenbruderschaft-iseringhausen.de\/wp-content\/uploads\/2023\/05\/Foto-22.05.23-08-10-40-1.jpg 924w, https:\/\/www.schuetzenbruderschaft-iseringhausen.de\/wp-content\/uploads\/2023\/05\/Foto-22.05.23-08-10-40-1-277x600.jpg 277w, https:\/\/www.schuetzenbruderschaft-iseringhausen.de\/wp-content\/uploads\/2023\/05\/Foto-22.05.23-08-10-40-1-768x1662.jpg 768w, https:\/\/www.schuetzenbruderschaft-iseringhausen.de\/wp-content\/uploads\/2023\/05\/Foto-22.05.23-08-10-40-1-710x1536.jpg 710w\" sizes=\"auto, (max-width: 706px) 89vw, (max-width: 767px) 82vw, 740px\" \/><\/a><\/figure>\n\n\n\n<figure class=\"wp-block-image size-large\"><a href=\"https:\/\/www.schuetzenbruderschaft-iseringhausen.de\/?attachment_id=733\" target=\"_blank\" rel=\"noopener\"><img loading=\"lazy\" decoding=\"async\" width=\"924\" height=\"2000\" data-id=\"733\" src=\"https:\/\/www.schuetzenbruderschaft-iseringhausen.de\/wp-content\/uploads\/2023\/05\/Foto-22.05.23-08-10-40-4-1.jpg\" alt=\"\" class=\"wp-image-733\" srcset=\"https:\/\/www.schuetzenbruderschaft-iseringhausen.de\/wp-content\/uploads\/2023\/05\/Foto-22.05.23-08-10-40-4-1.jpg 924w, https:\/\/www.schuetzenbruderschaft-iseringhausen.de\/wp-content\/uploads\/2023\/05\/Foto-22.05.23-08-10-40-4-1-277x600.jpg 277w, https:\/\/www.schuetzenbruderschaft-iseringhausen.de\/wp-content\/uploads\/2023\/05\/Foto-22.05.23-08-10-40-4-1-768x1662.jpg 768w, https:\/\/www.schuetzenbruderschaft-iseringhausen.de\/wp-content\/uploads\/2023\/05\/Foto-22.05.23-08-10-40-4-1-710x1536.jpg 710w\" sizes=\"auto, (max-width: 706px) 89vw, (max-width: 767px) 82vw, 740px\" \/><\/a><\/figure>\n\n\n\n<figure class=\"wp-block-image size-large\"><a href=\"https:\/\/www.schuetzenbruderschaft-iseringhausen.de\/?attachment_id=737\" target=\"_blank\" rel=\"noopener\"><img loading=\"lazy\" decoding=\"async\" width=\"924\" height=\"2000\" data-id=\"737\" src=\"https:\/\/www.schuetzenbruderschaft-iseringhausen.de\/wp-content\/uploads\/2023\/05\/Foto-22.05.23-08-10-40-3.jpg\" alt=\"\" class=\"wp-image-737\" srcset=\"https:\/\/www.schuetzenbruderschaft-iseringhausen.de\/wp-content\/uploads\/2023\/05\/Foto-22.05.23-08-10-40-3.jpg 924w, https:\/\/www.schuetzenbruderschaft-iseringhausen.de\/wp-content\/uploads\/2023\/05\/Foto-22.05.23-08-10-40-3-277x600.jpg 277w, https:\/\/www.schuetzenbruderschaft-iseringhausen.de\/wp-content\/uploads\/2023\/05\/Foto-22.05.23-08-10-40-3-768x1662.jpg 768w, https:\/\/www.schuetzenbruderschaft-iseringhausen.de\/wp-content\/uploads\/2023\/05\/Foto-22.05.23-08-10-40-3-710x1536.jpg 710w\" sizes=\"auto, (max-width: 706px) 89vw, (max-width: 767px) 82vw, 740px\" \/><\/a><\/figure>\n\n\n\n<figure class=\"wp-block-image size-large\"><a href=\"https:\/\/www.schuetzenbruderschaft-iseringhausen.de\/?attachment_id=735\" target=\"_blank\" rel=\"noopener\"><img loading=\"lazy\" decoding=\"async\" width=\"2048\" height=\"1382\" data-id=\"735\" src=\"https:\/\/www.schuetzenbruderschaft-iseringhausen.de\/wp-content\/uploads\/2023\/05\/Foto-22.05.23-08-10-40-2.jpg\" alt=\"\" class=\"wp-image-735\" srcset=\"https:\/\/www.schuetzenbruderschaft-iseringhausen.de\/wp-content\/uploads\/2023\/05\/Foto-22.05.23-08-10-40-2.jpg 2048w, https:\/\/www.schuetzenbruderschaft-iseringhausen.de\/wp-content\/uploads\/2023\/05\/Foto-22.05.23-08-10-40-2-600x405.jpg 600w, https:\/\/www.schuetzenbruderschaft-iseringhausen.de\/wp-content\/uploads\/2023\/05\/Foto-22.05.23-08-10-40-2-768x518.jpg 768w, https:\/\/www.schuetzenbruderschaft-iseringhausen.de\/wp-content\/uploads\/2023\/05\/Foto-22.05.23-08-10-40-2-1536x1037.jpg 1536w\" sizes=\"auto, (max-width: 706px) 89vw, (max-width: 767px) 82vw, 740px\" \/><\/a><\/figure>\n\n\n\n<figure class=\"wp-block-image size-large\"><a href=\"https:\/\/www.schuetzenbruderschaft-iseringhausen.de\/?attachment_id=736\" target=\"_blank\" rel=\"noopener\"><img loading=\"lazy\" decoding=\"async\" width=\"924\" height=\"2000\" data-id=\"736\" src=\"https:\/\/www.schuetzenbruderschaft-iseringhausen.de\/wp-content\/uploads\/2023\/05\/Foto-22.05.23-08-10-40-4.jpg\" alt=\"\" class=\"wp-image-736\" srcset=\"https:\/\/www.schuetzenbruderschaft-iseringhausen.de\/wp-content\/uploads\/2023\/05\/Foto-22.05.23-08-10-40-4.jpg 924w, https:\/\/www.schuetzenbruderschaft-iseringhausen.de\/wp-content\/uploads\/2023\/05\/Foto-22.05.23-08-10-40-4-277x600.jpg 277w, https:\/\/www.schuetzenbruderschaft-iseringhausen.de\/wp-content\/uploads\/2023\/05\/Foto-22.05.23-08-10-40-4-768x1662.jpg 768w, https:\/\/www.schuetzenbruderschaft-iseringhausen.de\/wp-content\/uploads\/2023\/05\/Foto-22.05.23-08-10-40-4-710x1536.jpg 710w\" sizes=\"auto, (max-width: 706px) 89vw, (max-width: 767px) 82vw, 740px\" \/><\/a><\/figure>\n\n\n\n<figure class=\"wp-block-image size-large\"><a href=\"https:\/\/www.schuetzenbruderschaft-iseringhausen.de\/?attachment_id=738\" target=\"_blank\" rel=\"noopener\"><img loading=\"lazy\" decoding=\"async\" width=\"924\" height=\"2000\" data-id=\"738\" src=\"https:\/\/www.schuetzenbruderschaft-iseringhausen.de\/wp-content\/uploads\/2023\/05\/Foto-22.05.23-08-10-41-2.jpg\" alt=\"\" class=\"wp-image-738\" srcset=\"https:\/\/www.schuetzenbruderschaft-iseringhausen.de\/wp-content\/uploads\/2023\/05\/Foto-22.05.23-08-10-41-2.jpg 924w, https:\/\/www.schuetzenbruderschaft-iseringhausen.de\/wp-content\/uploads\/2023\/05\/Foto-22.05.23-08-10-41-2-277x600.jpg 277w, https:\/\/www.schuetzenbruderschaft-iseringhausen.de\/wp-content\/uploads\/2023\/05\/Foto-22.05.23-08-10-41-2-768x1662.jpg 768w, https:\/\/www.schuetzenbruderschaft-iseringhausen.de\/wp-content\/uploads\/2023\/05\/Foto-22.05.23-08-10-41-2-710x1536.jpg 710w\" sizes=\"auto, (max-width: 706px) 89vw, (max-width: 767px) 82vw, 740px\" \/><\/a><\/figure>\n\n\n\n<figure class=\"wp-block-image size-large\"><a href=\"https:\/\/www.schuetzenbruderschaft-iseringhausen.de\/?attachment_id=739\" target=\"_blank\" rel=\"noopener\"><img loading=\"lazy\" decoding=\"async\" width=\"924\" height=\"2000\" data-id=\"739\" src=\"https:\/\/www.schuetzenbruderschaft-iseringhausen.de\/wp-content\/uploads\/2023\/05\/Foto-22.05.23-08-10-41-1.jpg\" alt=\"\" class=\"wp-image-739\" srcset=\"https:\/\/www.schuetzenbruderschaft-iseringhausen.de\/wp-content\/uploads\/2023\/05\/Foto-22.05.23-08-10-41-1.jpg 924w, https:\/\/www.schuetzenbruderschaft-iseringhausen.de\/wp-content\/uploads\/2023\/05\/Foto-22.05.23-08-10-41-1-277x600.jpg 277w, https:\/\/www.schuetzenbruderschaft-iseringhausen.de\/wp-content\/uploads\/2023\/05\/Foto-22.05.23-08-10-41-1-768x1662.jpg 768w, https:\/\/www.schuetzenbruderschaft-iseringhausen.de\/wp-content\/uploads\/2023\/05\/Foto-22.05.23-08-10-41-1-710x1536.jpg 710w\" sizes=\"auto, (max-width: 706px) 89vw, (max-width: 767px) 82vw, 740px\" \/><\/a><\/figure>\n\n\n\n<figure class=\"wp-block-image size-large\"><a href=\"https:\/\/www.schuetzenbruderschaft-iseringhausen.de\/?attachment_id=741\" target=\"_blank\" rel=\"noopener\"><img loading=\"lazy\" decoding=\"async\" width=\"2000\" height=\"924\" data-id=\"741\" src=\"https:\/\/www.schuetzenbruderschaft-iseringhausen.de\/wp-content\/uploads\/2023\/05\/Foto-22.05.23-08-10-42-1.jpg\" alt=\"\" class=\"wp-image-741\" srcset=\"https:\/\/www.schuetzenbruderschaft-iseringhausen.de\/wp-content\/uploads\/2023\/05\/Foto-22.05.23-08-10-42-1.jpg 2000w, https:\/\/www.schuetzenbruderschaft-iseringhausen.de\/wp-content\/uploads\/2023\/05\/Foto-22.05.23-08-10-42-1-600x277.jpg 600w, https:\/\/www.schuetzenbruderschaft-iseringhausen.de\/wp-content\/uploads\/2023\/05\/Foto-22.05.23-08-10-42-1-768x355.jpg 768w, https:\/\/www.schuetzenbruderschaft-iseringhausen.de\/wp-content\/uploads\/2023\/05\/Foto-22.05.23-08-10-42-1-1536x710.jpg 1536w\" sizes=\"auto, (max-width: 706px) 89vw, (max-width: 767px) 82vw, 740px\" \/><\/a><\/figure>\n<\/figure>\n\n\n\n<p>Bilder vom Sebastianustag 2023 (Passwort: Tuennes): <a href=\"https:\/\/c.web.de\/@357510258660218042\/FWkRuF8nQHaDKmN6Thslag\/ROOT\" data-type=\"URL\" data-id=\"https:\/\/c.web.de\/@357510258660218042\/FWkRuF8nQHaDKmN6Thslag\/ROOT\" target=\"_blank\" rel=\"noreferrer noopener\">https:\/\/c.web.de\/@357510258660218042\/FWkRuF8nQHaDKmN6Thslag\/ROOT<\/a><\/p>\n\n\n\n<figure class=\"wp-block-gallery has-nested-images columns-1 is-cropped wp-block-gallery-2 is-layout-flex wp-block-gallery-is-layout-flex\">\n<figure class=\"wp-block-image\"><a href=\"https:\/\/www.schuetzenbruderschaft-iseringhausen.de\/?attachment_id=317\"><img loading=\"lazy\" decoding=\"async\" width=\"1512\" height=\"2016\" data-id=\"317\" src=\"https:\/\/www.schuetzenbruderschaft-iseringhausen.de\/wp\/wp-content\/uploads\/2020\/07\/IMG_1393-rotated.jpg\" alt=\"\" class=\"wp-image-317\" srcset=\"https:\/\/www.schuetzenbruderschaft-iseringhausen.de\/wp-content\/uploads\/2020\/07\/IMG_1393-rotated.jpg 1512w, https:\/\/www.schuetzenbruderschaft-iseringhausen.de\/wp-content\/uploads\/2020\/07\/IMG_1393-225x300.jpg 225w, https:\/\/www.schuetzenbruderschaft-iseringhausen.de\/wp-content\/uploads\/2020\/07\/IMG_1393-768x1024.jpg 768w, https:\/\/www.schuetzenbruderschaft-iseringhausen.de\/wp-content\/uploads\/2020\/07\/IMG_1393-1152x1536.jpg 1152w\" sizes=\"auto, (max-width: 706px) 89vw, (max-width: 767px) 82vw, 740px\" \/><\/a><figcaption class=\"wp-element-caption\">\u00dcbergabe einer Spende in H\u00f6he von 500\u20ac an den Kindergarten Iseringhausen anl\u00e4sslich des j\u00e4hrlichen Besuchs von Vorstand und Majest\u00e4ten<\/figcaption><\/figure>\n<\/figure>\n\n\n\n<p><\/p>\n\n\n\n<h2 class=\"wp-block-heading\"><\/h2>\n\n\n\n<h2 class=\"wp-block-heading\"><\/h2>\n","protected":false},"excerpt":{"rendered":"<p>Besuch des 100-j\u00e4hrigen Jubil\u00e4ums der Wegeringhauser Sch\u00fctzen Bilder vom Sebastianustag 2023 (Passwort: Tuennes): https:\/\/c.web.de\/@357510258660218042\/FWkRuF8nQHaDKmN6Thslag\/ROOT<\/p>\n","protected":false},"author":5,"featured_media":0,"parent":0,"menu_order":0,"comment_status":"closed","ping_status":"closed","template":"","meta":{"footnotes":""},"class_list":["post-289","page","type-page","status-publish","hentry"],"_links":{"self":[{"href":"https:\/\/www.schuetzenbruderschaft-iseringhausen.de\/index.php?rest_route=\/wp\/v2\/pages\/289","targetHints":{"allow":["GET"]}}],"collection":[{"href":"https:\/\/www.schuetzenbruderschaft-iseringhausen.de\/index.php?rest_route=\/wp\/v2\/pages"}],"about":[{"href":"https:\/\/www.schuetzenbruderschaft-iseringhausen.de\/index.php?rest_route=\/wp\/v2\/types\/page"}],"author":[{"embeddable":true,"href":"https:\/\/www.schuetzenbruderschaft-iseringhausen.de\/index.php?rest_route=\/wp\/v2\/users\/5"}],"replies":[{"embeddable":true,"href":"https:\/\/www.schuetzenbruderschaft-iseringhausen.de\/index.php?rest_route=%2Fwp%2Fv2%2Fcomments&post=289"}],"version-history":[{"count":13,"href":"https:\/\/www.schuetzenbruderschaft-iseringhausen.de\/index.php?rest_route=\/wp\/v2\/pages\/289\/revisions"}],"predecessor-version":[{"id":853,"href":"https:\/\/www.schuetzenbruderschaft-iseringhausen.de\/index.php?rest_route=\/wp\/v2\/pages\/289\/revisions\/853"}],"wp:attachment":[{"href":"https:\/\/www.schuetzenbruderschaft-iseringhausen.de\/index.php?rest_route=%2Fwp%2Fv2%2Fmedia&parent=289"}],"curies":[{"name":"wp","href":"https:\/\/api.w.org\/{rel}","templated":true}]}}