{"id":158,"date":"2019-08-26T23:46:03","date_gmt":"2019-08-26T21:46:03","guid":{"rendered":"https:\/\/www.schuetzenbruderschaft-iseringhausen.de\/wp\/?page_id=158"},"modified":"2026-01-28T15:45:09","modified_gmt":"2026-01-28T14:45:09","slug":"offizierskorps","status":"publish","type":"page","link":"https:\/\/www.schuetzenbruderschaft-iseringhausen.de\/?page_id=158","title":{"rendered":"Offizierskorps"},"content":{"rendered":"\n<div class=\"wp-block-group\"><div class=\"wp-block-group__inner-container is-layout-flow wp-block-group-is-layout-flow\">\n<figure class=\"wp-block-gallery has-nested-images columns-default is-cropped wp-block-gallery-1 is-layout-flex wp-block-gallery-is-layout-flex\">\n<figure class=\"wp-block-image size-full\"><a href=\"https:\/\/www.schuetzenbruderschaft-iseringhausen.de\/?attachment_id=757\"><img loading=\"lazy\" decoding=\"async\" width=\"1615\" height=\"1080\" data-id=\"757\" src=\"https:\/\/www.schuetzenbruderschaft-iseringhausen.de\/wp-content\/uploads\/2023\/06\/Screenshot-2023-06-14-15.56.11.png\" alt=\"\" class=\"wp-image-757\" srcset=\"https:\/\/www.schuetzenbruderschaft-iseringhausen.de\/wp-content\/uploads\/2023\/06\/Screenshot-2023-06-14-15.56.11.png 1615w, https:\/\/www.schuetzenbruderschaft-iseringhausen.de\/wp-content\/uploads\/2023\/06\/Screenshot-2023-06-14-15.56.11-600x401.png 600w, https:\/\/www.schuetzenbruderschaft-iseringhausen.de\/wp-content\/uploads\/2023\/06\/Screenshot-2023-06-14-15.56.11-768x514.png 768w, https:\/\/www.schuetzenbruderschaft-iseringhausen.de\/wp-content\/uploads\/2023\/06\/Screenshot-2023-06-14-15.56.11-1536x1027.png 1536w\" sizes=\"auto, (max-width: 706px) 89vw, (max-width: 767px) 82vw, 740px\" \/><\/a><\/figure>\n<\/figure>\n<\/div><\/div>\n\n\n\n<figure class=\"wp-block-table\"><table><tbody><tr><td>1. kommandierender Offizier<\/td><td>Stefan Nebeling<\/td><\/tr><tr><td>2. kommandierender Offizier<\/td><td>Tim Sondermann<\/td><\/tr><tr><td><\/td><td><\/td><\/tr><tr><td>F\u00e4hnrich<\/td><td>Thomas Stracke<\/td><\/tr><tr><td>Fahnenoffizier<\/td><td>Christopher Wrase<\/td><\/tr><tr><td>Fahnenoffizier<\/td><td>Dirk Sasse<\/td><\/tr><tr><td><\/td><td><\/td><\/tr><tr><td>Kaiseroffizier<\/td><td>Christian Lange<\/td><\/tr><tr><td>Kaiseroffizier<\/td><td>Berthold Valperz<\/td><\/tr><tr><td><\/td><td><\/td><\/tr><tr><td>K\u00f6nigsoffizier<\/td><td>Sascha Br\u00fcser<\/td><\/tr><tr><td>K\u00f6nigsoffizier<\/td><td>Andr\u00e9 Clemens<\/td><\/tr><tr><td>K\u00f6nigsoffizier<\/td><td>Manuel Frohne<\/td><\/tr><tr><td>K\u00f6nigsoffizier<\/td><td>Kevin Frohne<\/td><\/tr><tr><td><\/td><td><\/td><\/tr><tr><td>1. Zugoffizier<\/td><td>Timo Beck<\/td><\/tr><tr><td>2. Zugoffizier<\/td><td>Tom Clemens <\/td><\/tr><tr><td>Schiesswart<\/td><td>Thorsten Reuber<\/td><\/tr><tr><td><\/td><td><\/td><\/tr><tr><td>ZbV Offizier<\/td><td>Julian Zimmer<\/td><\/tr><tr><td>ZbV Offizier<\/td><td>Michael Hoffmann<\/td><\/tr><tr><td>ZbV Offizier<\/td><td>Christian Reuber<\/td><\/tr><tr><td>ZbV Offizier<\/td><td>Maximilian Stracke<\/td><\/tr><tr><td>ZbV Offizier<\/td><td>Felix Bender<\/td><\/tr><tr><td>ZbV Offizier<\/td><td>Fabian Stahl<\/td><\/tr><\/tbody><\/table><\/figure>\n","protected":false},"excerpt":{"rendered":"<p>1. kommandierender Offizier Stefan Nebeling 2. kommandierender Offizier Tim Sondermann F\u00e4hnrich Thomas Stracke Fahnenoffizier Christopher Wrase Fahnenoffizier Dirk Sasse Kaiseroffizier Christian Lange Kaiseroffizier Berthold Valperz K\u00f6nigsoffizier Sascha Br\u00fcser K\u00f6nigsoffizier Andr\u00e9 Clemens K\u00f6nigsoffizier Manuel Frohne K\u00f6nigsoffizier Kevin Frohne 1. Zugoffizier Timo Beck 2. Zugoffizier Tom Clemens Schiesswart Thorsten Reuber ZbV Offizier Julian Zimmer ZbV Offizier Michael &hellip; <\/p>\n<p class=\"link-more\"><a href=\"https:\/\/www.schuetzenbruderschaft-iseringhausen.de\/?page_id=158\" class=\"more-link\"><span class=\"screen-reader-text\">\u201eOffizierskorps\u201c<\/span> weiterlesen<\/a><\/p>\n","protected":false},"author":1,"featured_media":0,"parent":0,"menu_order":0,"comment_status":"closed","ping_status":"closed","template":"","meta":{"footnotes":""},"class_list":["post-158","page","type-page","status-publish","hentry"],"_links":{"self":[{"href":"https:\/\/www.schuetzenbruderschaft-iseringhausen.de\/index.php?rest_route=\/wp\/v2\/pages\/158","targetHints":{"allow":["GET"]}}],"collection":[{"href":"https:\/\/www.schuetzenbruderschaft-iseringhausen.de\/index.php?rest_route=\/wp\/v2\/pages"}],"about":[{"href":"https:\/\/www.schuetzenbruderschaft-iseringhausen.de\/index.php?rest_route=\/wp\/v2\/types\/page"}],"author":[{"embeddable":true,"href":"https:\/\/www.schuetzenbruderschaft-iseringhausen.de\/index.php?rest_route=\/wp\/v2\/users\/1"}],"replies":[{"embeddable":true,"href":"https:\/\/www.schuetzenbruderschaft-iseringhausen.de\/index.php?rest_route=%2Fwp%2Fv2%2Fcomments&post=158"}],"version-history":[{"count":13,"href":"https:\/\/www.schuetzenbruderschaft-iseringhausen.de\/index.php?rest_route=\/wp\/v2\/pages\/158\/revisions"}],"predecessor-version":[{"id":3760,"href":"https:\/\/www.schuetzenbruderschaft-iseringhausen.de\/index.php?rest_route=\/wp\/v2\/pages\/158\/revisions\/3760"}],"wp:attachment":[{"href":"https:\/\/www.schuetzenbruderschaft-iseringhausen.de\/index.php?rest_route=%2Fwp%2Fv2%2Fmedia&parent=158"}],"curies":[{"name":"wp","href":"https:\/\/api.w.org\/{rel}","templated":true}]}}