{"id":124,"date":"2019-08-26T23:24:21","date_gmt":"2019-08-26T21:24:21","guid":{"rendered":"https:\/\/www.schuetzenbruderschaft-iseringhausen.de\/wp\/?page_id=124"},"modified":"2024-08-07T17:10:39","modified_gmt":"2024-08-07T15:10:39","slug":"kaiser","status":"publish","type":"page","link":"https:\/\/www.schuetzenbruderschaft-iseringhausen.de\/?page_id=124","title":{"rendered":"Kaiser"},"content":{"rendered":"\n<figure class=\"wp-block-image size-full\"><img loading=\"lazy\" decoding=\"async\" width=\"2560\" height=\"1920\" src=\"https:\/\/www.schuetzenbruderschaft-iseringhausen.de\/wp-content\/uploads\/2023\/08\/DSC01203-scaled.jpg\" alt=\"\" class=\"wp-image-2842\" srcset=\"https:\/\/www.schuetzenbruderschaft-iseringhausen.de\/wp-content\/uploads\/2023\/08\/DSC01203-scaled.jpg 2560w, https:\/\/www.schuetzenbruderschaft-iseringhausen.de\/wp-content\/uploads\/2023\/08\/DSC01203-600x450.jpg 600w, https:\/\/www.schuetzenbruderschaft-iseringhausen.de\/wp-content\/uploads\/2023\/08\/DSC01203-2048x1536.jpg 2048w, https:\/\/www.schuetzenbruderschaft-iseringhausen.de\/wp-content\/uploads\/2023\/08\/DSC01203-768x576.jpg 768w, https:\/\/www.schuetzenbruderschaft-iseringhausen.de\/wp-content\/uploads\/2023\/08\/DSC01203-1536x1152.jpg 1536w\" sizes=\"auto, (max-width: 706px) 89vw, (max-width: 767px) 82vw, 740px\" \/><figcaption class=\"wp-element-caption\">Das amtierende Kaiserpaar Alexander und Tanja Scheele<\/figcaption><\/figure>\n\n\n\n<figure class=\"wp-block-gallery has-nested-images columns-default is-cropped wp-block-gallery-1 is-layout-flex wp-block-gallery-is-layout-flex\">\n<figure class=\"wp-block-image size-full\"><img loading=\"lazy\" decoding=\"async\" width=\"2560\" height=\"1920\" data-id=\"873\" src=\"https:\/\/www.schuetzenbruderschaft-iseringhausen.de\/wp-content\/uploads\/2023\/07\/DSC01203-scaled.jpg\" alt=\"\" class=\"wp-image-873\" srcset=\"https:\/\/www.schuetzenbruderschaft-iseringhausen.de\/wp-content\/uploads\/2023\/07\/DSC01203-scaled.jpg 2560w, https:\/\/www.schuetzenbruderschaft-iseringhausen.de\/wp-content\/uploads\/2023\/07\/DSC01203-600x450.jpg 600w, https:\/\/www.schuetzenbruderschaft-iseringhausen.de\/wp-content\/uploads\/2023\/07\/DSC01203-2048x1536.jpg 2048w, https:\/\/www.schuetzenbruderschaft-iseringhausen.de\/wp-content\/uploads\/2023\/07\/DSC01203-768x576.jpg 768w, https:\/\/www.schuetzenbruderschaft-iseringhausen.de\/wp-content\/uploads\/2023\/07\/DSC01203-1536x1152.jpg 1536w\" sizes=\"auto, (max-width: 706px) 89vw, (max-width: 767px) 82vw, 740px\" \/><figcaption class=\"wp-element-caption\">seit 2023 Alexander und Tanja Scheele<\/figcaption><\/figure>\n\n\n\n<figure class=\"wp-block-image size-full\"><a href=\"https:\/\/www.schuetzenbruderschaft-iseringhausen.de\/wp-content\/uploads\/2019\/08\/Mike_und_Birgit_Clemens_2018-_2023.jpg\" target=\"_blank\" rel=\"noopener\"><img loading=\"lazy\" decoding=\"async\" width=\"700\" height=\"868\" data-id=\"29\" src=\"https:\/\/www.schuetzenbruderschaft-iseringhausen.de\/wp-content\/uploads\/2019\/08\/Mike_und_Birgit_Clemens_2018-_2023.jpg\" alt=\"\" class=\"wp-image-29\" srcset=\"https:\/\/www.schuetzenbruderschaft-iseringhausen.de\/wp-content\/uploads\/2019\/08\/Mike_und_Birgit_Clemens_2018-_2023.jpg 700w, https:\/\/www.schuetzenbruderschaft-iseringhausen.de\/wp-content\/uploads\/2019\/08\/Mike_und_Birgit_Clemens_2018-_2023-242x300.jpg 242w\" sizes=\"auto, (max-width: 700px) 100vw, 700px\" \/><\/a><figcaption class=\"wp-element-caption\">2018-2023 Mike und Birgit Clemens<\/figcaption><\/figure>\n\n\n\n<figure class=\"wp-block-image size-full\"><a href=\"https:\/\/www.schuetzenbruderschaft-iseringhausen.de\/wp-content\/uploads\/2019\/08\/Kaiser_Daniel_Clemens_2013-2018_01.jpg\" target=\"_blank\" rel=\"noopener\"><img loading=\"lazy\" decoding=\"async\" width=\"633\" height=\"645\" data-id=\"21\" src=\"https:\/\/www.schuetzenbruderschaft-iseringhausen.de\/wp-content\/uploads\/2019\/08\/Kaiser_Daniel_Clemens_2013-2018_01.jpg\" alt=\"\" class=\"wp-image-21\" srcset=\"https:\/\/www.schuetzenbruderschaft-iseringhausen.de\/wp-content\/uploads\/2019\/08\/Kaiser_Daniel_Clemens_2013-2018_01.jpg 633w, https:\/\/www.schuetzenbruderschaft-iseringhausen.de\/wp-content\/uploads\/2019\/08\/Kaiser_Daniel_Clemens_2013-2018_01-294x300.jpg 294w\" sizes=\"auto, (max-width: 633px) 100vw, 633px\" \/><\/a><figcaption class=\"wp-element-caption\">2013-2018 Daniel und Anne Clemens<\/figcaption><\/figure>\n\n\n\n<figure class=\"wp-block-image size-full\"><a href=\"https:\/\/www.schuetzenbruderschaft-iseringhausen.de\/wp-content\/uploads\/2019\/08\/Kaiser_Andreas_Stracke_2008-2013.jpg_01.jpg\" target=\"_blank\" rel=\"noopener\"><img loading=\"lazy\" decoding=\"async\" width=\"640\" height=\"683\" data-id=\"20\" src=\"https:\/\/www.schuetzenbruderschaft-iseringhausen.de\/wp-content\/uploads\/2019\/08\/Kaiser_Andreas_Stracke_2008-2013.jpg_01.jpg\" alt=\"\" class=\"wp-image-20\" srcset=\"https:\/\/www.schuetzenbruderschaft-iseringhausen.de\/wp-content\/uploads\/2019\/08\/Kaiser_Andreas_Stracke_2008-2013.jpg_01.jpg 640w, https:\/\/www.schuetzenbruderschaft-iseringhausen.de\/wp-content\/uploads\/2019\/08\/Kaiser_Andreas_Stracke_2008-2013.jpg_01-281x300.jpg 281w\" sizes=\"auto, (max-width: 640px) 100vw, 640px\" \/><\/a><figcaption class=\"wp-element-caption\">2008-2013 Andreas und Petra Stracke<\/figcaption><\/figure>\n\n\n\n<figure class=\"wp-block-image size-full\"><a href=\"https:\/\/www.schuetzenbruderschaft-iseringhausen.de\/wp-content\/uploads\/2019\/08\/Kaiser_Andreas_Brueser_2003-2008.jpg.jpg\" target=\"_blank\" rel=\"noopener\"><img loading=\"lazy\" decoding=\"async\" width=\"640\" height=\"585\" data-id=\"19\" src=\"https:\/\/www.schuetzenbruderschaft-iseringhausen.de\/wp-content\/uploads\/2019\/08\/Kaiser_Andreas_Brueser_2003-2008.jpg.jpg\" alt=\"\" class=\"wp-image-19\" srcset=\"https:\/\/www.schuetzenbruderschaft-iseringhausen.de\/wp-content\/uploads\/2019\/08\/Kaiser_Andreas_Brueser_2003-2008.jpg.jpg 640w, https:\/\/www.schuetzenbruderschaft-iseringhausen.de\/wp-content\/uploads\/2019\/08\/Kaiser_Andreas_Brueser_2003-2008.jpg-300x274.jpg 300w\" sizes=\"auto, (max-width: 640px) 100vw, 640px\" \/><\/a><figcaption class=\"wp-element-caption\">2003-2008 Andreas und Monika Br\u00fcser<\/figcaption><\/figure>\n\n\n\n<figure class=\"wp-block-image size-full\"><a href=\"https:\/\/www.schuetzenbruderschaft-iseringhausen.de\/wp-content\/uploads\/2019\/08\/Kaiser_Uli_Nebeling__1998-2003.jpg\" target=\"_blank\" rel=\"noopener\"><img loading=\"lazy\" decoding=\"async\" width=\"640\" height=\"626\" data-id=\"22\" src=\"https:\/\/www.schuetzenbruderschaft-iseringhausen.de\/wp-content\/uploads\/2019\/08\/Kaiser_Uli_Nebeling__1998-2003.jpg\" alt=\"\" class=\"wp-image-22\" srcset=\"https:\/\/www.schuetzenbruderschaft-iseringhausen.de\/wp-content\/uploads\/2019\/08\/Kaiser_Uli_Nebeling__1998-2003.jpg 640w, https:\/\/www.schuetzenbruderschaft-iseringhausen.de\/wp-content\/uploads\/2019\/08\/Kaiser_Uli_Nebeling__1998-2003-300x293.jpg 300w\" sizes=\"auto, (max-width: 640px) 100vw, 640px\" \/><\/a><figcaption class=\"wp-element-caption\">1998-2003 Ulrich und Ute Nebeling<\/figcaption><\/figure>\n<\/figure>\n\n\n\n<p>1993-1998 Gerhard Stracke und Maria del Carmen Madrigal (&#8222;Manns&#8220;)<br>1988-1993 Werner  und Mia Valperz (&#8222;Scherries&#8220;)<br>1983-1988 Richard Viedenz und Iris Fl\u00fcch (&#8222;M\u00e4nnickes&#8220;)<br>1978-1983 Heinz-Albert Kleine und Ursula Viedenz<br>1973-1978 Josef und Gertrud Br\u00fcser<br>1965-1973 Tonis und Anni Viedenz<br>1949-1964 Josef und Elsbeth Viedenz (&#8222;Franzes&#8220;)<\/p>\n","protected":false},"excerpt":{"rendered":"<p>1993-1998 Gerhard Stracke und Maria del Carmen Madrigal (&#8222;Manns&#8220;)1988-1993 Werner und Mia Valperz (&#8222;Scherries&#8220;)1983-1988 Richard Viedenz und Iris Fl\u00fcch (&#8222;M\u00e4nnickes&#8220;)1978-1983 Heinz-Albert Kleine und Ursula Viedenz1973-1978 Josef und Gertrud Br\u00fcser1965-1973 Tonis und Anni Viedenz1949-1964 Josef und Elsbeth Viedenz (&#8222;Franzes&#8220;)<\/p>\n","protected":false},"author":1,"featured_media":0,"parent":0,"menu_order":0,"comment_status":"closed","ping_status":"closed","template":"","meta":{"footnotes":""},"class_list":["post-124","page","type-page","status-publish","hentry"],"_links":{"self":[{"href":"https:\/\/www.schuetzenbruderschaft-iseringhausen.de\/index.php?rest_route=\/wp\/v2\/pages\/124","targetHints":{"allow":["GET"]}}],"collection":[{"href":"https:\/\/www.schuetzenbruderschaft-iseringhausen.de\/index.php?rest_route=\/wp\/v2\/pages"}],"about":[{"href":"https:\/\/www.schuetzenbruderschaft-iseringhausen.de\/index.php?rest_route=\/wp\/v2\/types\/page"}],"author":[{"embeddable":true,"href":"https:\/\/www.schuetzenbruderschaft-iseringhausen.de\/index.php?rest_route=\/wp\/v2\/users\/1"}],"replies":[{"embeddable":true,"href":"https:\/\/www.schuetzenbruderschaft-iseringhausen.de\/index.php?rest_route=%2Fwp%2Fv2%2Fcomments&post=124"}],"version-history":[{"count":10,"href":"https:\/\/www.schuetzenbruderschaft-iseringhausen.de\/index.php?rest_route=\/wp\/v2\/pages\/124\/revisions"}],"predecessor-version":[{"id":3595,"href":"https:\/\/www.schuetzenbruderschaft-iseringhausen.de\/index.php?rest_route=\/wp\/v2\/pages\/124\/revisions\/3595"}],"wp:attachment":[{"href":"https:\/\/www.schuetzenbruderschaft-iseringhausen.de\/index.php?rest_route=%2Fwp%2Fv2%2Fmedia&parent=124"}],"curies":[{"name":"wp","href":"https:\/\/api.w.org\/{rel}","templated":true}]}}