{"id":120,"date":"2019-08-26T23:20:35","date_gmt":"2019-08-26T21:20:35","guid":{"rendered":"https:\/\/www.schuetzenbruderschaft-iseringhausen.de\/wp\/?page_id=120"},"modified":"2020-07-09T08:52:39","modified_gmt":"2020-07-09T06:52:39","slug":"impressum","status":"publish","type":"page","link":"https:\/\/www.schuetzenbruderschaft-iseringhausen.de\/?page_id=120","title":{"rendered":"Impressum"},"content":{"rendered":"\n<p>Verantwortlich f\u00fcr die Inhalte dieser Internetpr\u00e4senz:<\/p>\n\n\n\n<p><strong>St. Antonius Sch\u00fctzenbruderschaft Iseringhausen<\/strong>\u00a0<strong>e.V.<\/strong><br>1. Brudermeister<br>Daniel Clemens<br>L\u00e4rchenweg 11<br>57489 Drolshagen-Halbhusten<br>Tel.: 02761 834180<br>E-Mail: 1.brudermeister@sbi1898.de<\/p>\n","protected":false},"excerpt":{"rendered":"<p>Verantwortlich f\u00fcr die Inhalte dieser Internetpr\u00e4senz: St. Antonius Sch\u00fctzenbruderschaft Iseringhausen\u00a0e.V.1. BrudermeisterDaniel ClemensL\u00e4rchenweg 1157489 Drolshagen-HalbhustenTel.: 02761 834180E-Mail: 1.brudermeister@sbi1898.de<\/p>\n","protected":false},"author":1,"featured_media":0,"parent":0,"menu_order":0,"comment_status":"closed","ping_status":"closed","template":"","meta":{"footnotes":""},"class_list":["post-120","page","type-page","status-publish","hentry"],"_links":{"self":[{"href":"https:\/\/www.schuetzenbruderschaft-iseringhausen.de\/index.php?rest_route=\/wp\/v2\/pages\/120","targetHints":{"allow":["GET"]}}],"collection":[{"href":"https:\/\/www.schuetzenbruderschaft-iseringhausen.de\/index.php?rest_route=\/wp\/v2\/pages"}],"about":[{"href":"https:\/\/www.schuetzenbruderschaft-iseringhausen.de\/index.php?rest_route=\/wp\/v2\/types\/page"}],"author":[{"embeddable":true,"href":"https:\/\/www.schuetzenbruderschaft-iseringhausen.de\/index.php?rest_route=\/wp\/v2\/users\/1"}],"replies":[{"embeddable":true,"href":"https:\/\/www.schuetzenbruderschaft-iseringhausen.de\/index.php?rest_route=%2Fwp%2Fv2%2Fcomments&post=120"}],"version-history":[{"count":2,"href":"https:\/\/www.schuetzenbruderschaft-iseringhausen.de\/index.php?rest_route=\/wp\/v2\/pages\/120\/revisions"}],"predecessor-version":[{"id":310,"href":"https:\/\/www.schuetzenbruderschaft-iseringhausen.de\/index.php?rest_route=\/wp\/v2\/pages\/120\/revisions\/310"}],"wp:attachment":[{"href":"https:\/\/www.schuetzenbruderschaft-iseringhausen.de\/index.php?rest_route=%2Fwp%2Fv2%2Fmedia&parent=120"}],"curies":[{"name":"wp","href":"https:\/\/api.w.org\/{rel}","templated":true}]}}